{"id":57989,"date":"2011-03-26T12:26:30","date_gmt":"2011-03-26T10:26:30","guid":{"rendered":"https:\/\/www.fakkels.com\/terms-and-conditions\/"},"modified":"2011-03-26T12:26:30","modified_gmt":"2011-03-26T10:26:30","slug":"terms-and-conditions","status":"publish","type":"page","link":"https:\/\/www.fakkels.com\/en\/terms-and-conditions\/","title":{"rendered":"Terms and Conditions"},"content":{"rendered":"<h3>I. GENERAL INFORMATION:<\/h3>\n<ol>\n<li>The online shop Fakkels.com is owned by SYTP SPZOO, based in Bia\u0142ystok, Poland \u2013 hereinafter referred to as the shop.\n<p style=\"padding-left: 40px;\"><strong>Company information:<\/strong><\/p>\n<p style=\"padding-left: 40px;\">SAY YES TO PYRO SP\u00d3\u0141KA Z OGRANICZON\u0104 ODPOWIEDZIALNO\u015aCI\u0104<br \/>\nRzemie\u015blnicza 30\/46<br \/>\n15-773 Bia\u0142ystok, Poland<br \/>\nNIP PL5423408780<br \/>\nBank account: PL71 1020 1332 0000 1002 1259 1360<\/p>\n<\/li>\n<li>A person or company that has placed an order online or by telephone is referred to below as a customer.<\/li>\n<li>The shop reserves the right to amend these terms and conditions. The terms and conditions come into effect from the moment they are published on the shop\u2019s website. <\/li>\n<li>The shop is obliged to keep the information we receive from our customers confidential. We use the information you provide for purposes such as processing orders, responding to customer enquiries and communicating with you. We do not voluntarily share our customers\u2019 information with third parties.  <\/li>\n<li>The shop reserves the right to remove products from its range and\/or change their prices without giving any reason.<\/li>\n<li>The shop reserves the right to refuse to process an order if there are grounds for suspicion, for example if an email address and\/or telephone number is missing and it is therefore impossible to confirm the order. The same applies if the customer\u2019s details are incomplete. <\/li>\n<li>The prices of all products listed in the shop are shown in euros and are final prices. This means that these are gross prices, inclusive of all taxes (e.g. VAT \u2013 value added tax). The customer will not be charged any additional costs or receive any further invoices.  <\/li>\n<li>Customers who wish to receive an invoice are entitled to ask the shop to issue an invoice for the products purchased without the customer\u2019s signature.<\/li>\n<li>For B2C customers, invoices are issued automatically provided their name and tax identification number (e.g. NIP in Poland) are provided at the time of ordering. It is not possible to receive a B2C invoice after the order has been delivered. <\/li>\n<li>Please contact the shop if you have any questions or concerns.<\/li>\n<\/ol>\n<h3>II. PURCHASE ORDER: <\/h3>\n<ol>\n<li>To place an order with the shop, the customer confirms that they are of legal age; over 18 years of age.<\/li>\n<li>By placing an order, the customer declares and agrees that none of the products purchased will be used in an illegal or irresponsible manner. Furthermore, the customer declares that they will not breach any laws in their own country and\/or other countries. <\/li>\n<li>A transaction is completed as soon as the customer has added the products to their shopping basket and confirmed the order. Placing the order is deemed to constitute acceptance of the shop\u2019s terms and conditions. <\/li>\n<li>Customers can place orders in the online shop 24 hours a day, 7 days a week, all year round. The shop accepts all orders, but orders are dispatched on working days. <\/li>\n<li>As these products are of a pyrotechnic nature, it is impossible to test them before they are dispatched. Although all products are manufactured to the highest standards, there is a significant gap between production and use. Therefore, upon purchase, the customer acknowledges that they understand the product has not been tested and, as such, accepts full responsibility for the product\u2019s successful operation.  <\/li>\n<li>Once the customer has placed an order, they will receive confirmation by email or telephone. It is not possible to cancel an order that has already been confirmed. <\/li>\n<li>Orders are processed in the order in which they are placed and in the order in which final payment is received in the shop\u2019s bank account.<\/li>\n<li>The final payment is calculated based on the prices of the products purchased, delivery charges or cash-on-delivery fees. The product prices displayed in the shop do not include delivery or cash-on-delivery charges, which are payable by the customer. <\/li>\n<li>If it transpires that items in the customer\u2019s order are currently out of stock, we will contact the customer by email or telephone. At the same time, we will inform the customer of any delays in delivery resulting from the temporary unavailability of the ordered items. <\/li>\n<li>It is the customer\u2019s responsibility to promote the positive atmosphere and ethos of the shop, and of the Say Yes To Pyro movement in particular. In the event of a breach, the customer agrees to pay an immediate fine of 1,000 euros imposed by the shop, and 500 euros for each day that the breach continues. <\/li>\n<li>The shop hereby prohibits anyone from placing an order with the intention of uncovering the shop\u2019s internal operations and\/or generating negative publicity for the shop and\/or causing any form of negative issues for the shop. Upon purchase, the customer agrees to this condition and consents to an immediate fine of 2,000 euros imposed by the shop and 1,000 euros for each day that the breach continues and\/or the consequences of the breach are felt by the shop. <\/li>\n<\/ol>\n<h3>III. SHIPPING &amp; DELIVERY: <\/h3>\n<ol>\n<li>The shop recognises the importance of protecting the products the customer has ordered during dispatch. That is why we ensure they are properly packaged, so that the items are delivered in perfect condition. <\/li>\n<li>If you choose to pay on delivery, you are required to pay for the products upon delivery.<\/li>\n<li>All orders are dispatched via the best courier services. The shop wishes to clarify that all products purchased are legal in all EU countries and that the parcel you receive will be dispatched in accordance with all international regulations and company policies established by the courier service. <\/li>\n<\/ol>\n<h3>IV. COMPLAINTS AND RETURNS: <\/h3>\n<ol>\n<li>Neem bij problemen en klachten onmiddellijk contact op met de winkel.<\/li>\n<li>The customer must unpack the delivery in the presence of a representative from the shipping company. If any mechanical damage to the products (caused by transport) is noted, draw up a report signed by both the customer and a representative from the shipping company. Only with such a report will the shop accept the customer\u2019s complaint regarding damage to the products that occurred during shipping. Otherwise, you should submit the complaint to the shipping company rather than to the shop.   <\/li>\n<li>Due to the nature of the product and the fact that each item is made to order, returns are not accepted.<\/li>\n<li>Customers are guaranteed that their products will be exchanged or their money refunded (up to the price of the product) should their complaint be deemed valid and the damage have arisen as a result of the Shop\u2019s malfunction.<\/li>\n<li>Once the Customer\u2019s complaint has been accepted, the money will be credited to the Customer\u2019s account or refunded within a maximum of 14 working days. The Customer is responsible for the packaging and postage costs for returned products. <\/li>\n<li>The shop does not accept returns sent in padded envelopes.<\/li>\n<li>Complaints relating to poor product packaging, leaks, tears, etc. will only be accepted provided that Customers have collected their delivery no later than one day after arrival.<\/li>\n<\/ol>\n","protected":false},"excerpt":{"rendered":"<p>I. GENERAL INFORMATION: The online shop Fakkels.com is owned by SYTP SPZOO, based in Bia\u0142ystok, Poland \u2013 hereinafter referred to as the shop. Company information: SAY YES TO PYRO SP\u00d3\u0141KA Z OGRANICZON\u0104 ODPOWIEDZIALNO\u015aCI\u0104 Rzemie\u015blnicza 30\/46 15-773 Bia\u0142ystok, Poland NIP PL5423408780 Bank account: PL71 1020 1332 0000 1002 1259 1360 A person or company that has [&#8230;]\n","protected":false},"author":1,"featured_media":0,"parent":0,"menu_order":0,"comment_status":"closed","ping_status":"closed","template":"","meta":{"footnotes":""},"class_list":["post-57989","page","type-page","status-publish","hentry"],"yoast_head":"<!-- This site is optimized with the Yoast SEO plugin v27.4 - https:\/\/yoast.com\/product\/yoast-seo-wordpress\/ -->\n<title>Terms and Conditions - Fakkels.com<\/title>\n<meta name=\"robots\" content=\"index, follow, max-snippet:-1, max-image-preview:large, max-video-preview:-1\" \/>\n<link rel=\"canonical\" href=\"https:\/\/www.fakkels.com\/en\/terms-and-conditions\/\" \/>\n<meta property=\"og:locale\" content=\"en_US\" \/>\n<meta property=\"og:type\" content=\"article\" \/>\n<meta property=\"og:title\" content=\"Terms and Conditions - Fakkels.com\" \/>\n<meta property=\"og:description\" content=\"I. GENERAL INFORMATION: The online shop Fakkels.com is owned by SYTP SPZOO, based in Bia\u0142ystok, Poland \u2013 hereinafter referred to as the shop. Company information: SAY YES TO PYRO SP\u00d3\u0141KA Z OGRANICZON\u0104 ODPOWIEDZIALNO\u015aCI\u0104 Rzemie\u015blnicza 30\/46 15-773 Bia\u0142ystok, Poland NIP PL5423408780 Bank account: PL71 1020 1332 0000 1002 1259 1360 A person or company that has [...]\" \/>\n<meta property=\"og:url\" content=\"https:\/\/www.fakkels.com\/en\/terms-and-conditions\/\" \/>\n<meta property=\"og:site_name\" content=\"Fakkels.com\" \/>\n<meta name=\"twitter:card\" content=\"summary_large_image\" \/>\n<meta name=\"twitter:label1\" content=\"Est. reading time\" \/>\n\t<meta name=\"twitter:data1\" content=\"6 minutes\" \/>\n<script type=\"application\/ld+json\" class=\"yoast-schema-graph\">{\"@context\":\"https:\\\/\\\/schema.org\",\"@graph\":[{\"@type\":\"WebPage\",\"@id\":\"https:\\\/\\\/www.fakkels.com\\\/en\\\/terms-and-conditions\\\/\",\"url\":\"https:\\\/\\\/www.fakkels.com\\\/en\\\/terms-and-conditions\\\/\",\"name\":\"Terms and Conditions - Fakkels.com\",\"isPartOf\":{\"@id\":\"https:\\\/\\\/www.fakkels.com\\\/en\\\/#website\"},\"datePublished\":\"2011-03-26T10:26:30+00:00\",\"breadcrumb\":{\"@id\":\"https:\\\/\\\/www.fakkels.com\\\/en\\\/terms-and-conditions\\\/#breadcrumb\"},\"inLanguage\":\"en-US\",\"potentialAction\":[{\"@type\":\"ReadAction\",\"target\":[\"https:\\\/\\\/www.fakkels.com\\\/en\\\/terms-and-conditions\\\/\"]}]},{\"@type\":\"BreadcrumbList\",\"@id\":\"https:\\\/\\\/www.fakkels.com\\\/en\\\/terms-and-conditions\\\/#breadcrumb\",\"itemListElement\":[{\"@type\":\"ListItem\",\"position\":1,\"name\":\"Home\",\"item\":\"https:\\\/\\\/www.fakkels.com\\\/en\\\/\"},{\"@type\":\"ListItem\",\"position\":2,\"name\":\"Terms and Conditions\"}]},{\"@type\":\"WebSite\",\"@id\":\"https:\\\/\\\/www.fakkels.com\\\/en\\\/#website\",\"url\":\"https:\\\/\\\/www.fakkels.com\\\/en\\\/\",\"name\":\"Fakkels.com\",\"description\":\"Webwinkel gespecialiseerd in noodsignalen\",\"publisher\":{\"@id\":\"https:\\\/\\\/www.fakkels.com\\\/en\\\/#organization\"},\"potentialAction\":[{\"@type\":\"SearchAction\",\"target\":{\"@type\":\"EntryPoint\",\"urlTemplate\":\"https:\\\/\\\/www.fakkels.com\\\/en\\\/?s={search_term_string}\"},\"query-input\":{\"@type\":\"PropertyValueSpecification\",\"valueRequired\":true,\"valueName\":\"search_term_string\"}}],\"inLanguage\":\"en-US\"},{\"@type\":\"Organization\",\"@id\":\"https:\\\/\\\/www.fakkels.com\\\/en\\\/#organization\",\"name\":\"Fakkels.com\",\"url\":\"https:\\\/\\\/www.fakkels.com\\\/en\\\/\",\"logo\":{\"@type\":\"ImageObject\",\"inLanguage\":\"en-US\",\"@id\":\"https:\\\/\\\/www.fakkels.com\\\/en\\\/#\\\/schema\\\/logo\\\/image\\\/\",\"url\":\"https:\\\/\\\/www.fakkels.com\\\/wp-content\\\/uploads\\\/factuur-image-logo.jpg\",\"contentUrl\":\"https:\\\/\\\/www.fakkels.com\\\/wp-content\\\/uploads\\\/factuur-image-logo.jpg\",\"width\":934,\"height\":213,\"caption\":\"Fakkels.com\"},\"image\":{\"@id\":\"https:\\\/\\\/www.fakkels.com\\\/en\\\/#\\\/schema\\\/logo\\\/image\\\/\"}}]}<\/script>\n<!-- \/ Yoast SEO plugin. -->","yoast_head_json":{"title":"Terms and Conditions - Fakkels.com","robots":{"index":"index","follow":"follow","max-snippet":"max-snippet:-1","max-image-preview":"max-image-preview:large","max-video-preview":"max-video-preview:-1"},"canonical":"https:\/\/www.fakkels.com\/en\/terms-and-conditions\/","og_locale":"en_US","og_type":"article","og_title":"Terms and Conditions - Fakkels.com","og_description":"I. GENERAL INFORMATION: The online shop Fakkels.com is owned by SYTP SPZOO, based in Bia\u0142ystok, Poland \u2013 hereinafter referred to as the shop. Company information: SAY YES TO PYRO SP\u00d3\u0141KA Z OGRANICZON\u0104 ODPOWIEDZIALNO\u015aCI\u0104 Rzemie\u015blnicza 30\/46 15-773 Bia\u0142ystok, Poland NIP PL5423408780 Bank account: PL71 1020 1332 0000 1002 1259 1360 A person or company that has [...]","og_url":"https:\/\/www.fakkels.com\/en\/terms-and-conditions\/","og_site_name":"Fakkels.com","twitter_card":"summary_large_image","twitter_misc":{"Est. reading time":"6 minutes"},"schema":{"@context":"https:\/\/schema.org","@graph":[{"@type":"WebPage","@id":"https:\/\/www.fakkels.com\/en\/terms-and-conditions\/","url":"https:\/\/www.fakkels.com\/en\/terms-and-conditions\/","name":"Terms and Conditions - Fakkels.com","isPartOf":{"@id":"https:\/\/www.fakkels.com\/en\/#website"},"datePublished":"2011-03-26T10:26:30+00:00","breadcrumb":{"@id":"https:\/\/www.fakkels.com\/en\/terms-and-conditions\/#breadcrumb"},"inLanguage":"en-US","potentialAction":[{"@type":"ReadAction","target":["https:\/\/www.fakkels.com\/en\/terms-and-conditions\/"]}]},{"@type":"BreadcrumbList","@id":"https:\/\/www.fakkels.com\/en\/terms-and-conditions\/#breadcrumb","itemListElement":[{"@type":"ListItem","position":1,"name":"Home","item":"https:\/\/www.fakkels.com\/en\/"},{"@type":"ListItem","position":2,"name":"Terms and Conditions"}]},{"@type":"WebSite","@id":"https:\/\/www.fakkels.com\/en\/#website","url":"https:\/\/www.fakkels.com\/en\/","name":"Fakkels.com","description":"Webwinkel gespecialiseerd in noodsignalen","publisher":{"@id":"https:\/\/www.fakkels.com\/en\/#organization"},"potentialAction":[{"@type":"SearchAction","target":{"@type":"EntryPoint","urlTemplate":"https:\/\/www.fakkels.com\/en\/?s={search_term_string}"},"query-input":{"@type":"PropertyValueSpecification","valueRequired":true,"valueName":"search_term_string"}}],"inLanguage":"en-US"},{"@type":"Organization","@id":"https:\/\/www.fakkels.com\/en\/#organization","name":"Fakkels.com","url":"https:\/\/www.fakkels.com\/en\/","logo":{"@type":"ImageObject","inLanguage":"en-US","@id":"https:\/\/www.fakkels.com\/en\/#\/schema\/logo\/image\/","url":"https:\/\/www.fakkels.com\/wp-content\/uploads\/factuur-image-logo.jpg","contentUrl":"https:\/\/www.fakkels.com\/wp-content\/uploads\/factuur-image-logo.jpg","width":934,"height":213,"caption":"Fakkels.com"},"image":{"@id":"https:\/\/www.fakkels.com\/en\/#\/schema\/logo\/image\/"}}]}},"jetpack_sharing_enabled":true,"_links":{"self":[{"href":"https:\/\/www.fakkels.com\/en\/wp-json\/wp\/v2\/pages\/57989","targetHints":{"allow":["GET"]}}],"collection":[{"href":"https:\/\/www.fakkels.com\/en\/wp-json\/wp\/v2\/pages"}],"about":[{"href":"https:\/\/www.fakkels.com\/en\/wp-json\/wp\/v2\/types\/page"}],"author":[{"embeddable":true,"href":"https:\/\/www.fakkels.com\/en\/wp-json\/wp\/v2\/users\/1"}],"replies":[{"embeddable":true,"href":"https:\/\/www.fakkels.com\/en\/wp-json\/wp\/v2\/comments?post=57989"}],"version-history":[{"count":0,"href":"https:\/\/www.fakkels.com\/en\/wp-json\/wp\/v2\/pages\/57989\/revisions"}],"wp:attachment":[{"href":"https:\/\/www.fakkels.com\/en\/wp-json\/wp\/v2\/media?parent=57989"}],"curies":[{"name":"wp","href":"https:\/\/api.w.org\/{rel}","templated":true}]}}